{"id":1144,"date":"2017-10-10T10:36:41","date_gmt":"2017-10-10T10:36:41","guid":{"rendered":"http:\/\/nightshade.elated-themes.com\/?page_id=1144"},"modified":"2020-05-29T14:33:20","modified_gmt":"2020-05-29T12:33:20","slug":"about-me","status":"publish","type":"page","link":"https:\/\/francotaranto.ch\/en\/about-me\/","title":{"rendered":"About Me"},"content":{"rendered":"<div class=\"vc_row wpb_row vc_row-fluid eltdf-content-aligment-left\" style=\"background-image: url(https:\/\/francotaranto.ch\/wp-content\/uploads\/2020\/05\/about_me-scaled.jpg)\"><div class=\"wpb_column vc_column_container vc_col-sm-6\"><div class=\"vc_column-inner vc_custom_1590528324529\"><div class=\"wpb_wrapper\">\n\t<div class=\"wpb_text_column wpb_content_element  testo_about\" >\n\t\t<div class=\"wpb_wrapper\">\n\t\t\t<h3><span style=\"color: #000000;\">Art in the Blood<\/span><\/h3>\n<p><span style=\"color: #000000;\">Women like Goddesses, primordial elements of nature appear in a magical dimension as suspended beyond space and time, images painted with light in a scenario that enhances the creativity that they are in this great photographer.<\/span><\/p>\n<p><span style=\"color: #000000;\">Of the many activities and businesses that have gone through his life, the one that is most close to his heart is the eye placed on the viewfinder to discover and tell a world through the lens. To paint, as he loves to repeat, with the palette of lights. Author of schockvertising social campaigns. He has great communication skills accompanied by an almost obsessive attention to detail. He has a strong creative sense and is called the \"Photographer of Light\".<\/span><\/p>\n<p><span style=\"color: #000000;\">The eye has always had the ability to know how to read within the soul with light, within the colors, the shape, the perspective of an action, or in movement, as well as over time to then translate each entity into a world of dark and light. Intense emotional interiority of an image that explodes into emotions.<\/span><\/p>\n<p><span style=\"color: #000000;\">It dominates in this sensoriality that is always on, always alert, outlining shapes, shadows and ideas in a world of image.\nAn ego that tries to regenerate itself with a journey back to the origin. It upsets the perception of space and time and lets itself go into the light. Get to the soul.<\/span><\/p>\n<p><span style=\"color: #000000;\">Idea and will, horizon in the present, tiredness of modernity, Towards these absolute images without words, meeting as the only habitable place the very origin of seeing and of silent change.<\/span><\/p>\n<p><span style=\"color: #000000;\">Being as subject of the truth in artificial, paradoxically the last artistic gesture of living, which with extreme renewed awareness puts an end to itself. He tacitly eliminated the chatter of the useless, of the sound, creating cultured forms, from the geometry of light and colors.<\/span><\/p>\n<p><span style=\"color: #000000;\">He is a modern painter, the brush is his camera, and the color palette is light, painting with passion those he portrays by pulling out his soul as a great director does with his actors. The relationship with the figuration of life and death, the perception of time, are all in that short shot.<\/span><\/p>\n<p><em><span style=\"color: #000000;\">Carla Ferrari (Giornalista e Designer)<\/span><\/em><\/p>\n\n\t\t<\/div>\n\t<\/div>\n<\/div><\/div><\/div><div class=\"wpb_column vc_column_container vc_col-sm-6\"><div class=\"vc_column-inner\"><div class=\"wpb_wrapper\"><\/div><\/div><\/div><\/div>","protected":false},"excerpt":{"rendered":"L\u2019Arte nel sangue Donne come Dee, elementi primordiali della natura appaiono in una dimensione magica come sospesa oltre lo spazio ed il tempo, immagini dipinte con la luce in uno scenario che ne esalta la creativit\u00e0 che sono in questo grande fotografo. Delle molte attivit\u00e0 ed imprese che hanno attraversato la sua vita, quella che gli sta sicuramente pi\u00f9 a cuore \u00e8 l\u2019occhio posato sul mirino a scoprire e raccontare un mondo attraverso l\u2019obiettivo. A dipingere, come ama ripetere, con la tavolozza delle luci. Autore di campagne sociali schockvertising. Possiede una grande capacit\u00e0 comunicativa accompagnata [...]","protected":false},"author":1,"featured_media":0,"parent":0,"menu_order":0,"comment_status":"closed","ping_status":"closed","template":"full-width.php","meta":{"footnotes":""},"yoast_head":"<!-- This site is optimized with the Yoast SEO plugin v21.3 - https:\/\/yoast.com\/wordpress\/plugins\/seo\/ -->\n<title>About Me - Franco Taranto<\/title>\n<meta name=\"robots\" content=\"index, follow, max-snippet:-1, max-image-preview:large, max-video-preview:-1\" \/>\n<link rel=\"canonical\" href=\"https:\/\/francotaranto.ch\/en\/about-me\/\" \/>\n<meta property=\"og:locale\" content=\"en_US\" \/>\n<meta property=\"og:type\" content=\"article\" \/>\n<meta property=\"og:title\" content=\"About Me - Franco Taranto\" \/>\n<meta property=\"og:url\" content=\"https:\/\/francotaranto.ch\/en\/about-me\/\" \/>\n<meta property=\"og:site_name\" content=\"Franco Taranto\" \/>\n<meta property=\"article:modified_time\" content=\"2020-05-29T12:33:20+00:00\" \/>\n<meta name=\"twitter:card\" content=\"summary_large_image\" \/>\n<meta name=\"twitter:label1\" content=\"Est. reading time\" \/>\n\t<meta name=\"twitter:data1\" content=\"2 minutes\" \/>\n<script type=\"application\/ld+json\" class=\"yoast-schema-graph\">{\"@context\":\"https:\/\/schema.org\",\"@graph\":[{\"@type\":\"WebPage\",\"@id\":\"https:\/\/francotaranto.ch\/about-me\/\",\"url\":\"https:\/\/francotaranto.ch\/about-me\/\",\"name\":\"About Me - Franco Taranto\",\"isPartOf\":{\"@id\":\"https:\/\/francotaranto.ch\/#website\"},\"datePublished\":\"2017-10-10T10:36:41+00:00\",\"dateModified\":\"2020-05-29T12:33:20+00:00\",\"breadcrumb\":{\"@id\":\"https:\/\/francotaranto.ch\/about-me\/#breadcrumb\"},\"inLanguage\":\"en-US\",\"potentialAction\":[{\"@type\":\"ReadAction\",\"target\":[\"https:\/\/francotaranto.ch\/about-me\/\"]}]},{\"@type\":\"BreadcrumbList\",\"@id\":\"https:\/\/francotaranto.ch\/about-me\/#breadcrumb\",\"itemListElement\":[{\"@type\":\"ListItem\",\"position\":1,\"name\":\"Home\",\"item\":\"https:\/\/francotaranto.ch\/\"},{\"@type\":\"ListItem\",\"position\":2,\"name\":\"About Me\"}]},{\"@type\":\"WebSite\",\"@id\":\"https:\/\/francotaranto.ch\/#website\",\"url\":\"https:\/\/francotaranto.ch\/\",\"name\":\"Franco Taranto\",\"description\":\"L&#039;Arte nel Sangue\",\"potentialAction\":[{\"@type\":\"SearchAction\",\"target\":{\"@type\":\"EntryPoint\",\"urlTemplate\":\"https:\/\/francotaranto.ch\/?s={search_term_string}\"},\"query-input\":\"required name=search_term_string\"}],\"inLanguage\":\"en-US\"}]}<\/script>\n<!-- \/ Yoast SEO plugin. -->","yoast_head_json":{"title":"About Me - Franco Taranto","robots":{"index":"index","follow":"follow","max-snippet":"max-snippet:-1","max-image-preview":"max-image-preview:large","max-video-preview":"max-video-preview:-1"},"canonical":"https:\/\/francotaranto.ch\/en\/about-me\/","og_locale":"en_US","og_type":"article","og_title":"About Me - Franco Taranto","og_url":"https:\/\/francotaranto.ch\/en\/about-me\/","og_site_name":"Franco Taranto","article_modified_time":"2020-05-29T12:33:20+00:00","twitter_card":"summary_large_image","twitter_misc":{"Est. reading time":"2 minutes"},"schema":{"@context":"https:\/\/schema.org","@graph":[{"@type":"WebPage","@id":"https:\/\/francotaranto.ch\/about-me\/","url":"https:\/\/francotaranto.ch\/about-me\/","name":"About Me - Franco Taranto","isPartOf":{"@id":"https:\/\/francotaranto.ch\/#website"},"datePublished":"2017-10-10T10:36:41+00:00","dateModified":"2020-05-29T12:33:20+00:00","breadcrumb":{"@id":"https:\/\/francotaranto.ch\/about-me\/#breadcrumb"},"inLanguage":"en-US","potentialAction":[{"@type":"ReadAction","target":["https:\/\/francotaranto.ch\/about-me\/"]}]},{"@type":"BreadcrumbList","@id":"https:\/\/francotaranto.ch\/about-me\/#breadcrumb","itemListElement":[{"@type":"ListItem","position":1,"name":"Home","item":"https:\/\/francotaranto.ch\/"},{"@type":"ListItem","position":2,"name":"About Me"}]},{"@type":"WebSite","@id":"https:\/\/francotaranto.ch\/#website","url":"https:\/\/francotaranto.ch\/","name":"Franco Taranto","description":"L&#039;Arte nel Sangue","potentialAction":[{"@type":"SearchAction","target":{"@type":"EntryPoint","urlTemplate":"https:\/\/francotaranto.ch\/?s={search_term_string}"},"query-input":"required name=search_term_string"}],"inLanguage":"en-US"}]}},"_links":{"self":[{"href":"https:\/\/francotaranto.ch\/en\/wp-json\/wp\/v2\/pages\/1144"}],"collection":[{"href":"https:\/\/francotaranto.ch\/en\/wp-json\/wp\/v2\/pages"}],"about":[{"href":"https:\/\/francotaranto.ch\/en\/wp-json\/wp\/v2\/types\/page"}],"author":[{"embeddable":true,"href":"https:\/\/francotaranto.ch\/en\/wp-json\/wp\/v2\/users\/1"}],"replies":[{"embeddable":true,"href":"https:\/\/francotaranto.ch\/en\/wp-json\/wp\/v2\/comments?post=1144"}],"version-history":[{"count":22,"href":"https:\/\/francotaranto.ch\/en\/wp-json\/wp\/v2\/pages\/1144\/revisions"}],"predecessor-version":[{"id":30391,"href":"https:\/\/francotaranto.ch\/en\/wp-json\/wp\/v2\/pages\/1144\/revisions\/30391"}],"wp:attachment":[{"href":"https:\/\/francotaranto.ch\/en\/wp-json\/wp\/v2\/media?parent=1144"}],"curies":[{"name":"wp","href":"https:\/\/api.w.org\/{rel}","templated":true}]}}